{"id":5500,"date":"2021-06-08T17:17:22","date_gmt":"2021-06-08T16:17:22","guid":{"rendered":"https:\/\/www.tipandtoe.pt\/contacto\/"},"modified":"2021-06-14T15:49:14","modified_gmt":"2021-06-14T14:49:14","slug":"contacto","status":"publish","type":"page","link":"https:\/\/www.tipandtoe.pt\/es\/contacto\/","title":{"rendered":"Contacto"},"content":{"rendered":"<div class=\"wpb-content-wrapper\"><p>[vc_row row_content_width=&#8221;grid&#8221; css=&#8221;.vc_custom_1605487540136{padding-top: 100px !important;padding-bottom: 100px !important;}&#8221;][vc_column width=&#8221;1\/2&#8243;]<div class=\"edgtf-section-title-holder  \" >\n\t<div class=\"edgtf-st-inner\">\n\t\t\t\t\t\t\t<h3 class=\"edgtf-st-title\" >\n\t\t\t\tContactos\t\t\t<\/h3>\n\t\t\t\t\t\t\t<\/div>\n<\/div>[vc_empty_space height=&#8221;15px&#8221;][vc_column_text]<b>Servicio al Cliente:<\/b><\/p>\n<p><span style=\"font-weight: 400;\"><a href=\"mailto:wear@tipandtoe.pt\">wear@tipandtoe.pt<\/a><\/span><\/p>\n<p>&nbsp;<\/p>\n<p><b>Preguntas de la prensa:\u00a0<\/b><\/p>\n<p><span style=\"font-weight: 400;\"><a href=\"mailto:press@tipandtoe.pt\">press@tipandtoe.pt<\/a><\/span><\/p>\n<p>&nbsp;<\/p>\n<p><strong>Showroom solamente con cita<\/strong><\/p>\n<p><span style=\"font-weight: 400;\">A BASE, Av. \u00c1lvaro Pais 10A, 1600-873 Lisboa, Portugal<\/span>[\/vc_column_text][vc_empty_space height=&#8221;30px&#8221;]    <span class=\"edgtf-icon-shortcode edgtf-normal   edgtf-icon-small\" style=\"margin: 0px 25px 0px 0px\" >\n                    <a itemprop=\"url\" class=\"\" href=\"https:\/\/www.facebook.com\/tipandtoepair\" target=\"_blank\">\n                    <i class=\"edgtf-icon-font-awesome fab fa-facebook edgtf-icon-element\" style=\"font-size:25px\" ><\/i>                    <\/a>\n            <\/span>\n    <span class=\"edgtf-icon-shortcode edgtf-normal   edgtf-icon-small\" style=\"margin: 0px 25px 0px 0px\" >\n                    <a itemprop=\"url\" class=\"\" href=\"https:\/\/www.pinterest.pt\/tipandtoepairandwear\" target=\"_blank\">\n                    <i class=\"edgtf-icon-font-awesome fab fa-pinterest edgtf-icon-element\" style=\"font-size:25px\" ><\/i>                    <\/a>\n            <\/span>\n    <span class=\"edgtf-icon-shortcode edgtf-normal   edgtf-icon-small\" style=\"margin: 0px 25px 0px 0px\" >\n                    <a itemprop=\"url\" class=\"\" href=\"https:\/\/www.instagram.com\/tipandtoepair\/\" target=\"_blank\">\n                    <i class=\"edgtf-icon-font-awesome fab fa-instagram edgtf-icon-element\" style=\"font-size:25px\" ><\/i>                    <\/a>\n            <\/span>\n    <span class=\"edgtf-icon-shortcode edgtf-normal   edgtf-icon-small\" style=\"margin: 0px 25px 0px 0px\" >\n                    <a itemprop=\"url\" class=\"\" href=\"https:\/\/www.youtube.com\/channel\/UCP1gHtEZgtVkQbAmR_98Rcw\/\" target=\"_blank\">\n                    <i class=\"edgtf-icon-font-awesome fab fa-youtube edgtf-icon-element\" style=\"font-size:25px\" ><\/i>                    <\/a>\n            <\/span>\n[\/vc_column][vc_column width=&#8221;1\/2&#8243;]\n<div class=\"wpcf7 no-js\" id=\"wpcf7-f5643-o1\" lang=\"en-US\" dir=\"ltr\" data-wpcf7-id=\"5643\">\n<div class=\"screen-reader-response\"><p role=\"status\" aria-live=\"polite\" aria-atomic=\"true\"><\/p> <ul><\/ul><\/div>\n<form action=\"\/es\/wp-json\/wp\/v2\/pages\/5500#wpcf7-f5643-o1\" method=\"post\" class=\"wpcf7-form init chimpmatic-1.3.8\" aria-label=\"Contact form\" novalidate=\"novalidate\" data-status=\"init\">\n<fieldset class=\"hidden-fields-container\"><input type=\"hidden\" name=\"_wpcf7\" value=\"5643\" \/><input type=\"hidden\" name=\"_wpcf7_version\" value=\"6.1.4\" \/><input type=\"hidden\" name=\"_wpcf7_locale\" value=\"en_US\" \/><input type=\"hidden\" name=\"_wpcf7_unit_tag\" value=\"wpcf7-f5643-o1\" \/><input type=\"hidden\" name=\"_wpcf7_container_post\" value=\"0\" \/><input type=\"hidden\" name=\"_wpcf7_posted_data_hash\" value=\"\" \/><input type=\"hidden\" name=\"_wpcf7_recaptcha_response\" value=\"\" \/>\n<\/fieldset>\n<div class=\"edgtf-cf-custom-style\">\n\t<div class=\"edgtf-grid-tiny-gutter\">\n\t\t<div class=\"edgtf-grid-col-6\">\n\t\t\t<p><span class=\"wpcf7-form-control-wrap\" data-name=\"your-name\"><input size=\"40\" maxlength=\"400\" class=\"wpcf7-form-control wpcf7-text wpcf7-validates-as-required\" aria-required=\"true\" aria-invalid=\"false\" placeholder=\"Nombre\" value=\"\" type=\"text\" name=\"your-name\" \/><\/span>\n\t\t\t<\/p>\n\t\t<\/div>\n\t\t<div class=\"edgtf-grid-col-6\">\n\t\t\t<p><span class=\"wpcf7-form-control-wrap\" data-name=\"your-email\"><input size=\"40\" maxlength=\"400\" class=\"wpcf7-form-control wpcf7-email wpcf7-validates-as-required wpcf7-text wpcf7-validates-as-email\" aria-required=\"true\" aria-invalid=\"false\" placeholder=\"E-mail\" value=\"\" type=\"email\" name=\"your-email\" \/><\/span>\n\t\t\t<\/p>\n\t\t<\/div>\n\t\t<div class=\"edgtf-grid-col\">\n\t\t\t<p><span class=\"wpcf7-form-control-wrap\" data-name=\"your-message\"><textarea cols=\"40\" rows=\"10\" maxlength=\"2000\" class=\"wpcf7-form-control wpcf7-textarea\" aria-invalid=\"false\" placeholder=\"Escribe tu mensaje aqu\u00ed\" name=\"your-message\"><\/textarea><\/span>\n\t\t\t<\/p>\n\t\t<\/div>\n\t\t<div class=\"edgtf-cf-custom-style-btn\">\n\t\t\t<p><button class=\"wpcf7-form-control wpcf7-submit edgtf-btn edgtf-btn-medium edgtf-btn-solid\" type=\"submit\"><span class=\"edgtf-btn-text\">Enviar<\/span><\/button>\n\t\t\t<\/p>\n\t\t<\/div>\n\t<\/div>\n<\/div><input type='hidden' class='wpcf7-pum' value='{\"closepopup\":false,\"closedelay\":0,\"openpopup\":false,\"openpopup_id\":0}' \/><div class=\"wpcf7-response-output\" aria-hidden=\"true\"><\/div>\n<\/form>\n<\/div>\n[\/vc_column][\/vc_row][vc_row gap=&#8221;20&#8243; row_content_width=&#8221;grid&#8221;][vc_column offset=&#8221;vc_col-lg-4 vc_col-md-12 vc_col-xs-12&#8243;]<div class=\"edgtf-single-image-holder   \">\n    <div class=\"edgtf-si-inner\" >\n                                    <img loading=\"lazy\" decoding=\"async\" width=\"800\" height=\"1115\" src=\"https:\/\/www.tipandtoe.pt\/wp\/wp-content\/uploads\/2020\/11\/showroom-tip-and-toe.jpg\" class=\"attachment-full size-full\" alt=\"\" srcset=\"https:\/\/www.tipandtoe.pt\/wp\/wp-content\/uploads\/2020\/11\/showroom-tip-and-toe.jpg 800w, https:\/\/www.tipandtoe.pt\/wp\/wp-content\/uploads\/2020\/11\/showroom-tip-and-toe-215x300.jpg 215w, https:\/\/www.tipandtoe.pt\/wp\/wp-content\/uploads\/2020\/11\/showroom-tip-and-toe-735x1024.jpg 735w, https:\/\/www.tipandtoe.pt\/wp\/wp-content\/uploads\/2020\/11\/showroom-tip-and-toe-768x1070.jpg 768w, https:\/\/www.tipandtoe.pt\/wp\/wp-content\/uploads\/2020\/11\/showroom-tip-and-toe-300x418.jpg 300w, https:\/\/www.tipandtoe.pt\/wp\/wp-content\/uploads\/2020\/11\/showroom-tip-and-toe-600x836.jpg 600w\" sizes=\"auto, (max-width: 800px) 100vw, 800px\" \/>                        <\/div>\n<\/div>[vc_column_text]<\/p>\n<h5>Minoristas<\/h5>\n<p>[\/vc_column_text][vc_column_text]<\/p>\n<p class=\"p1\">Estos calcetines fueron hechos para caminar, lo que significa que puedes comprarlos aqu\u00ed y all\u00e1 &#8230; solo sigue nuestros pasos:<\/p>\n<p class=\"p3\"><span class=\"s1\">No queremos parar por aqu\u00ed, queremos nuestras huellas en todo el mundo, por lo que si est\u00e1s interesado en tener Tip &amp; Toe en tu tienda, completa este formulario de contacto o env\u00eda un correo electr\u00f3nico a <a href=\"mailto:retailer@tipandtoe.pt\">retailer@tipandtoe.pt<\/a><\/span>.<\/p>\n<p>[\/vc_column_text][vc_empty_space]<a itemprop=\"url\" href=\"https:\/\/www.tipandtoe.pt\/es\/minoristas\/\" target=\"_self\"  class=\"edgtf-btn edgtf-btn-medium edgtf-btn-simple\"  >\n    <span class=\"edgtf-btn-text\">LOCALIZADOR DE TIENDAS<\/span>\n    <\/a>[\/vc_column][vc_column offset=&#8221;vc_col-lg-4 vc_col-md-12 vc_col-xs-12&#8243;]<div class=\"edgtf-single-image-holder   \">\n    <div class=\"edgtf-si-inner\" >\n                                    <img loading=\"lazy\" decoding=\"async\" width=\"800\" height=\"1115\" src=\"https:\/\/www.tipandtoe.pt\/wp\/wp-content\/uploads\/2020\/11\/retailer.jpg\" class=\"attachment-full size-full\" alt=\"\" srcset=\"https:\/\/www.tipandtoe.pt\/wp\/wp-content\/uploads\/2020\/11\/retailer.jpg 800w, https:\/\/www.tipandtoe.pt\/wp\/wp-content\/uploads\/2020\/11\/retailer-215x300.jpg 215w, https:\/\/www.tipandtoe.pt\/wp\/wp-content\/uploads\/2020\/11\/retailer-735x1024.jpg 735w, https:\/\/www.tipandtoe.pt\/wp\/wp-content\/uploads\/2020\/11\/retailer-768x1070.jpg 768w, https:\/\/www.tipandtoe.pt\/wp\/wp-content\/uploads\/2020\/11\/retailer-300x418.jpg 300w, https:\/\/www.tipandtoe.pt\/wp\/wp-content\/uploads\/2020\/11\/retailer-600x836.jpg 600w\" sizes=\"auto, (max-width: 800px) 100vw, 800px\" \/>                        <\/div>\n<\/div>[vc_column_text]<\/p>\n<h5>S\u00e9 un embajador de nuestra marca<\/h5>\n<p>[\/vc_column_text][vc_column_text]<\/p>\n<p class=\"p1\">Si te gusta lo que ves y quieres dar un paseo por los caminos de Tip &amp; Toe con nosotros, env\u00edanos un correo electr\u00f3nico con tu kit de medios.<\/p>\n<p>[\/vc_column_text][vc_empty_space]<a itemprop=\"url\" href=\"https:\/\/www.tipandtoe.pt\/collaboration\" target=\"_self\"  class=\"edgtf-btn edgtf-btn-medium edgtf-btn-simple\"  >\n    <span class=\"edgtf-btn-text\">Solicitar Colaborac\u00edon<\/span>\n    <\/a>[\/vc_column][vc_column offset=&#8221;vc_col-lg-4 vc_col-md-12 vc_col-xs-12&#8243;]<div class=\"edgtf-single-image-holder   \">\n    <div class=\"edgtf-si-inner\" >\n                                    <img loading=\"lazy\" decoding=\"async\" width=\"800\" height=\"1115\" src=\"https:\/\/www.tipandtoe.pt\/wp\/wp-content\/uploads\/2020\/11\/brand-ambassador.jpg\" class=\"attachment-full size-full\" alt=\"\" srcset=\"https:\/\/www.tipandtoe.pt\/wp\/wp-content\/uploads\/2020\/11\/brand-ambassador.jpg 800w, https:\/\/www.tipandtoe.pt\/wp\/wp-content\/uploads\/2020\/11\/brand-ambassador-215x300.jpg 215w, https:\/\/www.tipandtoe.pt\/wp\/wp-content\/uploads\/2020\/11\/brand-ambassador-735x1024.jpg 735w, https:\/\/www.tipandtoe.pt\/wp\/wp-content\/uploads\/2020\/11\/brand-ambassador-768x1070.jpg 768w, https:\/\/www.tipandtoe.pt\/wp\/wp-content\/uploads\/2020\/11\/brand-ambassador-300x418.jpg 300w, https:\/\/www.tipandtoe.pt\/wp\/wp-content\/uploads\/2020\/11\/brand-ambassador-600x836.jpg 600w\" sizes=\"auto, (max-width: 800px) 100vw, 800px\" \/>                        <\/div>\n<\/div>[vc_column_text]<\/p>\n<h5>Showroom . Portugal<\/h5>\n<p>[\/vc_column_text][vc_column_text]Solamente con cita. Puedes elegir la opci\u00f3n de pago para recoger su pedido en nuestra sala de exposici\u00f3n en Lisboa.[\/vc_column_text][vc_empty_space][\/vc_column][\/vc_row]<\/p>\n<\/div>","protected":false},"excerpt":{"rendered":"<p>[vc_row row_content_width=&#8221;grid&#8221; css=&#8221;.vc_custom_1605487540136{padding-top: 100px !important;padding-bottom: 100px !important;}&#8221;][vc_column width=&#8221;1\/2&#8243;][vc_empty_space height=&#8221;15px&#8221;][vc_column_text]Servicio al Cliente: wear@tipandtoe.pt &nbsp; Preguntas de la prensa:\u00a0 press@tipandtoe.pt &nbsp; Showroom solamente con cita A BASE, Av. \u00c1lvaro Pais 10A, 1600-873 Lisboa, Portugal[\/vc_column_text][vc_empty_space height=&#8221;30px&#8221;][\/vc_column][vc_column width=&#8221;1\/2&#8243;][\/vc_column][\/vc_row][vc_row gap=&#8221;20&#8243; row_content_width=&#8221;grid&#8221;][vc_column offset=&#8221;vc_col-lg-4 vc_col-md-12 vc_col-xs-12&#8243;][vc_column_text] Minoristas [&hellip;]<\/p>\n","protected":false},"author":1,"featured_media":0,"parent":0,"menu_order":0,"comment_status":"closed","ping_status":"closed","template":"full-width.php","meta":{"inline_featured_image":false,"_monsterinsights_skip_tracking":false,"_monsterinsights_sitenote_active":false,"_monsterinsights_sitenote_note":"","_monsterinsights_sitenote_category":0,"footnotes":""},"class_list":["post-5500","page","type-page","status-publish","hentry"],"yoast_head":"<!-- This site is optimized with the Yoast SEO plugin v27.2 - https:\/\/yoast.com\/product\/yoast-seo-wordpress\/ -->\n<title>Contacto - Tip &amp; Toe<\/title>\n<meta name=\"description\" content=\"ESES Feel free to drop us a line. For Retailers, or to be an ambassador for a brand. Customer Service: wear@tipantoe.pt or make and appointment to visit us on our showroom in Lisbon.\" \/>\n<meta name=\"robots\" content=\"index, follow, max-snippet:-1, max-image-preview:large, max-video-preview:-1\" \/>\n<link rel=\"canonical\" href=\"https:\/\/www.tipandtoe.pt\/es\/contacto\/\" \/>\n<meta property=\"og:locale\" content=\"es_ES\" \/>\n<meta property=\"og:type\" content=\"article\" \/>\n<meta property=\"og:title\" content=\"Contacto - Tip &amp; Toe\" \/>\n<meta property=\"og:description\" content=\"ESES Feel free to drop us a line. For Retailers, or to be an ambassador for a brand. Customer Service: wear@tipantoe.pt or make and appointment to visit us on our showroom in Lisbon.\" \/>\n<meta property=\"og:url\" content=\"https:\/\/www.tipandtoe.pt\/es\/contacto\/\" \/>\n<meta property=\"og:site_name\" content=\"Tip &amp; Toe\" \/>\n<meta property=\"article:publisher\" content=\"https:\/\/www.facebook.com\/tipandtoepair\" \/>\n<meta property=\"article:modified_time\" content=\"2021-06-14T14:49:14+00:00\" \/>\n<meta name=\"twitter:card\" content=\"summary_large_image\" \/>\n<meta name=\"twitter:label1\" content=\"Est. reading time\" \/>\n\t<meta name=\"twitter:data1\" content=\"2 minutes\" \/>\n<script type=\"application\/ld+json\" class=\"yoast-schema-graph\">{\"@context\":\"https:\/\/schema.org\",\"@graph\":[{\"@type\":\"WebPage\",\"@id\":\"https:\/\/www.tipandtoe.pt\/es\/contacto\/\",\"url\":\"https:\/\/www.tipandtoe.pt\/es\/contacto\/\",\"name\":\"Contacto - Tip &amp; Toe\",\"isPartOf\":{\"@id\":\"https:\/\/www.tipandtoe.pt\/es\/#website\"},\"datePublished\":\"2021-06-08T16:17:22+00:00\",\"dateModified\":\"2021-06-14T14:49:14+00:00\",\"description\":\"ESES Feel free to drop us a line. For Retailers, or to be an ambassador for a brand. Customer Service: wear@tipantoe.pt or make and appointment to visit us on our showroom in Lisbon.\",\"breadcrumb\":{\"@id\":\"https:\/\/www.tipandtoe.pt\/es\/contacto\/#breadcrumb\"},\"inLanguage\":\"es-ES\",\"potentialAction\":[{\"@type\":\"ReadAction\",\"target\":[\"https:\/\/www.tipandtoe.pt\/es\/contacto\/\"]}]},{\"@type\":\"BreadcrumbList\",\"@id\":\"https:\/\/www.tipandtoe.pt\/es\/contacto\/#breadcrumb\",\"itemListElement\":[{\"@type\":\"ListItem\",\"position\":1,\"name\":\"Home\",\"item\":\"https:\/\/www.tipandtoe.pt\/es\/\"},{\"@type\":\"ListItem\",\"position\":2,\"name\":\"Contacto\"}]},{\"@type\":\"WebSite\",\"@id\":\"https:\/\/www.tipandtoe.pt\/es\/#website\",\"url\":\"https:\/\/www.tipandtoe.pt\/es\/\",\"name\":\"Tip &amp; Toe\",\"description\":\"Pair and Wear\",\"publisher\":{\"@id\":\"https:\/\/www.tipandtoe.pt\/es\/#organization\"},\"potentialAction\":[{\"@type\":\"SearchAction\",\"target\":{\"@type\":\"EntryPoint\",\"urlTemplate\":\"https:\/\/www.tipandtoe.pt\/es\/?s={search_term_string}\"},\"query-input\":{\"@type\":\"PropertyValueSpecification\",\"valueRequired\":true,\"valueName\":\"search_term_string\"}}],\"inLanguage\":\"es-ES\"},{\"@type\":\"Organization\",\"@id\":\"https:\/\/www.tipandtoe.pt\/es\/#organization\",\"name\":\"Tip and Toe\",\"url\":\"https:\/\/www.tipandtoe.pt\/es\/\",\"logo\":{\"@type\":\"ImageObject\",\"inLanguage\":\"es-ES\",\"@id\":\"https:\/\/www.tipandtoe.pt\/es\/#\/schema\/logo\/image\/\",\"url\":\"https:\/\/www.tipandtoe.pt\/wp\/wp-content\/uploads\/2020\/11\/logo-tip-and-toe.png\",\"contentUrl\":\"https:\/\/www.tipandtoe.pt\/wp\/wp-content\/uploads\/2020\/11\/logo-tip-and-toe.png\",\"width\":250,\"height\":35,\"caption\":\"Tip and Toe\"},\"image\":{\"@id\":\"https:\/\/www.tipandtoe.pt\/es\/#\/schema\/logo\/image\/\"},\"sameAs\":[\"https:\/\/www.facebook.com\/tipandtoepair\",\"https:\/\/www.instagram.com\/tipandtoepair\/\",\"https:\/\/www.pinterest.pt\/tipandtoepairandwear\"]}]}<\/script>\n<!-- \/ Yoast SEO plugin. -->","yoast_head_json":{"title":"Contacto - Tip &amp; Toe","description":"ESES Feel free to drop us a line. For Retailers, or to be an ambassador for a brand. Customer Service: wear@tipantoe.pt or make and appointment to visit us on our showroom in Lisbon.","robots":{"index":"index","follow":"follow","max-snippet":"max-snippet:-1","max-image-preview":"max-image-preview:large","max-video-preview":"max-video-preview:-1"},"canonical":"https:\/\/www.tipandtoe.pt\/es\/contacto\/","og_locale":"es_ES","og_type":"article","og_title":"Contacto - Tip &amp; Toe","og_description":"ESES Feel free to drop us a line. For Retailers, or to be an ambassador for a brand. Customer Service: wear@tipantoe.pt or make and appointment to visit us on our showroom in Lisbon.","og_url":"https:\/\/www.tipandtoe.pt\/es\/contacto\/","og_site_name":"Tip &amp; Toe","article_publisher":"https:\/\/www.facebook.com\/tipandtoepair","article_modified_time":"2021-06-14T14:49:14+00:00","twitter_card":"summary_large_image","twitter_misc":{"Est. reading time":"2 minutes"},"schema":{"@context":"https:\/\/schema.org","@graph":[{"@type":"WebPage","@id":"https:\/\/www.tipandtoe.pt\/es\/contacto\/","url":"https:\/\/www.tipandtoe.pt\/es\/contacto\/","name":"Contacto - Tip &amp; Toe","isPartOf":{"@id":"https:\/\/www.tipandtoe.pt\/es\/#website"},"datePublished":"2021-06-08T16:17:22+00:00","dateModified":"2021-06-14T14:49:14+00:00","description":"ESES Feel free to drop us a line. For Retailers, or to be an ambassador for a brand. Customer Service: wear@tipantoe.pt or make and appointment to visit us on our showroom in Lisbon.","breadcrumb":{"@id":"https:\/\/www.tipandtoe.pt\/es\/contacto\/#breadcrumb"},"inLanguage":"es-ES","potentialAction":[{"@type":"ReadAction","target":["https:\/\/www.tipandtoe.pt\/es\/contacto\/"]}]},{"@type":"BreadcrumbList","@id":"https:\/\/www.tipandtoe.pt\/es\/contacto\/#breadcrumb","itemListElement":[{"@type":"ListItem","position":1,"name":"Home","item":"https:\/\/www.tipandtoe.pt\/es\/"},{"@type":"ListItem","position":2,"name":"Contacto"}]},{"@type":"WebSite","@id":"https:\/\/www.tipandtoe.pt\/es\/#website","url":"https:\/\/www.tipandtoe.pt\/es\/","name":"Tip &amp; Toe","description":"Pair and Wear","publisher":{"@id":"https:\/\/www.tipandtoe.pt\/es\/#organization"},"potentialAction":[{"@type":"SearchAction","target":{"@type":"EntryPoint","urlTemplate":"https:\/\/www.tipandtoe.pt\/es\/?s={search_term_string}"},"query-input":{"@type":"PropertyValueSpecification","valueRequired":true,"valueName":"search_term_string"}}],"inLanguage":"es-ES"},{"@type":"Organization","@id":"https:\/\/www.tipandtoe.pt\/es\/#organization","name":"Tip and Toe","url":"https:\/\/www.tipandtoe.pt\/es\/","logo":{"@type":"ImageObject","inLanguage":"es-ES","@id":"https:\/\/www.tipandtoe.pt\/es\/#\/schema\/logo\/image\/","url":"https:\/\/www.tipandtoe.pt\/wp\/wp-content\/uploads\/2020\/11\/logo-tip-and-toe.png","contentUrl":"https:\/\/www.tipandtoe.pt\/wp\/wp-content\/uploads\/2020\/11\/logo-tip-and-toe.png","width":250,"height":35,"caption":"Tip and Toe"},"image":{"@id":"https:\/\/www.tipandtoe.pt\/es\/#\/schema\/logo\/image\/"},"sameAs":["https:\/\/www.facebook.com\/tipandtoepair","https:\/\/www.instagram.com\/tipandtoepair\/","https:\/\/www.pinterest.pt\/tipandtoepairandwear"]}]}},"_links":{"self":[{"href":"https:\/\/www.tipandtoe.pt\/es\/wp-json\/wp\/v2\/pages\/5500","targetHints":{"allow":["GET"]}}],"collection":[{"href":"https:\/\/www.tipandtoe.pt\/es\/wp-json\/wp\/v2\/pages"}],"about":[{"href":"https:\/\/www.tipandtoe.pt\/es\/wp-json\/wp\/v2\/types\/page"}],"author":[{"embeddable":true,"href":"https:\/\/www.tipandtoe.pt\/es\/wp-json\/wp\/v2\/users\/1"}],"replies":[{"embeddable":true,"href":"https:\/\/www.tipandtoe.pt\/es\/wp-json\/wp\/v2\/comments?post=5500"}],"version-history":[{"count":0,"href":"https:\/\/www.tipandtoe.pt\/es\/wp-json\/wp\/v2\/pages\/5500\/revisions"}],"wp:attachment":[{"href":"https:\/\/www.tipandtoe.pt\/es\/wp-json\/wp\/v2\/media?parent=5500"}],"curies":[{"name":"wp","href":"https:\/\/api.w.org\/{rel}","templated":true}]}}