{"id":5653,"date":"2021-06-08T21:04:19","date_gmt":"2021-06-08T20:04:19","guid":{"rendered":"https:\/\/www.tipandtoe.pt\/minoristas\/"},"modified":"2022-01-21T15:48:03","modified_gmt":"2022-01-21T15:48:03","slug":"minoristas","status":"publish","type":"page","link":"https:\/\/www.tipandtoe.pt\/es\/minoristas\/","title":{"rendered":"Minoristas"},"content":{"rendered":"<div class=\"wpb-content-wrapper\"><p>[vc_row row_content_width=&#8221;grid&#8221; css=&#8221;.vc_custom_1605582533620{padding-bottom: 100px !important;}&#8221;][vc_column width=&#8221;1\/2&#8243;]<div class=\"edgtf-section-title-holder  \" >\n\t<div class=\"edgtf-st-inner\">\n\t\t\t\t\t\t\t<h3 class=\"edgtf-st-title\" >\n\t\t\t\tLet's take a walk\t\t\t<\/h3>\n\t\t\t\t\t\t\t<\/div>\n<\/div>[vc_column_text]Queremos viajar por el mundo as\u00ed que si est\u00e1s interesado en recibir Tip &amp; Toe en tu tienda, llena el formulario de contacto, o env\u00edanos un correo electr\u00f3nico a:<a href=\"mailto:retailer@tipandtoe.pt\">retailer@tipandtoe.pt<\/a>[\/vc_column_text][vc_empty_space height=&#8221;30px&#8221;][\/vc_column][vc_column width=&#8221;1\/2&#8243;]\n<div class=\"wpcf7 no-js\" id=\"wpcf7-f1280-o1\" lang=\"en-US\" dir=\"ltr\" data-wpcf7-id=\"1280\">\n<div class=\"screen-reader-response\"><p role=\"status\" aria-live=\"polite\" aria-atomic=\"true\"><\/p> <ul><\/ul><\/div>\n<form action=\"\/es\/wp-json\/wp\/v2\/pages\/5653#wpcf7-f1280-o1\" method=\"post\" class=\"wpcf7-form init chimpmatic-1.3.8\" aria-label=\"Contact form\" novalidate=\"novalidate\" data-status=\"init\">\n<fieldset class=\"hidden-fields-container\"><input type=\"hidden\" name=\"_wpcf7\" value=\"1280\" \/><input type=\"hidden\" name=\"_wpcf7_version\" value=\"6.1.4\" \/><input type=\"hidden\" name=\"_wpcf7_locale\" value=\"en_US\" \/><input type=\"hidden\" name=\"_wpcf7_unit_tag\" value=\"wpcf7-f1280-o1\" \/><input type=\"hidden\" name=\"_wpcf7_container_post\" value=\"0\" \/><input type=\"hidden\" name=\"_wpcf7_posted_data_hash\" value=\"\" \/><input type=\"hidden\" name=\"_wpcf7_recaptcha_response\" value=\"\" \/>\n<\/fieldset>\n<div class=\"edgtf-cf-custom-style\">\n\t<div class=\"edgtf-grid-tiny-gutter\">\n\t\t<div class=\"edgtf-grid-col-6\">\n\t\t\t<p><span class=\"wpcf7-form-control-wrap\" data-name=\"your-name\"><input size=\"40\" maxlength=\"400\" class=\"wpcf7-form-control wpcf7-text wpcf7-validates-as-required\" aria-required=\"true\" aria-invalid=\"false\" placeholder=\"Name\" value=\"\" type=\"text\" name=\"your-name\" \/><\/span>\n\t\t\t<\/p>\n\t\t<\/div>\n\t\t<div class=\"edgtf-grid-col-6\">\n\t\t\t<p><span class=\"wpcf7-form-control-wrap\" data-name=\"your-email\"><input size=\"40\" maxlength=\"400\" class=\"wpcf7-form-control wpcf7-email wpcf7-validates-as-required wpcf7-text wpcf7-validates-as-email\" aria-required=\"true\" aria-invalid=\"false\" placeholder=\"E-mail address\" value=\"\" type=\"email\" name=\"your-email\" \/><\/span>\n\t\t\t<\/p>\n\t\t<\/div>\n\t\t<div class=\"edgtf-grid-col\">\n\t\t\t<p><span class=\"wpcf7-form-control-wrap\" data-name=\"your-message\"><textarea cols=\"40\" rows=\"10\" maxlength=\"2000\" class=\"wpcf7-form-control wpcf7-textarea\" aria-invalid=\"false\" placeholder=\"Type Your Message Here\" name=\"your-message\"><\/textarea><\/span>\n\t\t\t<\/p>\n\t\t<\/div>\n\t\t<div class=\"edgtf-cf-custom-style-btn\">\n\t\t\t<p><button class=\"wpcf7-form-control wpcf7-submit edgtf-btn edgtf-btn-medium edgtf-btn-solid\" type=\"submit\"><span class=\"edgtf-btn-text\">Submit<\/span><\/button>\n\t\t\t<\/p>\n\t\t<\/div>\n\t<\/div>\n<\/div><input type='hidden' class='wpcf7-pum' value='{\"closepopup\":false,\"closedelay\":0,\"openpopup\":false,\"openpopup_id\":0}' \/><div class=\"wpcf7-response-output\" aria-hidden=\"true\"><\/div>\n<\/form>\n<\/div>\n[\/vc_column][\/vc_row][vc_row row_content_width=&#8221;grid&#8221; css=&#8221;.vc_custom_1605582731290{padding-bottom: 55px !important;}&#8221;][vc_column]<div class=\"edgtf-section-title-holder  \" >\n\t<div class=\"edgtf-st-inner\">\n\t\t\t\t\t<h6 class=\"edgtf-st-tagline\" >\n\t\t\t\tNew spots available soon\t\t\t<\/h6>\n\t\t\t\t\t\t\t<h3 class=\"edgtf-st-title\" >\n\t\t\t\tWhere can you find us?\t\t\t<\/h3>\n\t\t\t\t\t\t\t<\/div>\n<\/div>[\/vc_column][\/vc_row][vc_row row_content_width=&#8221;grid&#8221; css=&#8221;.vc_custom_1605582731290{padding-bottom: 55px !important;}&#8221;][vc_column width=&#8221;1\/3&#8243;][vc_custom_heading text=&#8221;Portugal&#8221; font_container=&#8221;tag:h5|text_align:left&#8221; use_theme_fonts=&#8221;yes&#8221;][vc_single_image image=&#8221;5995&#8243; img_size=&#8221;medium&#8221;][vc_column_text]<a href=\"https:\/\/www.thefeetingroom.com\/pages\/the-feeting-room-lisboa\" target=\"_blank\" rel=\"noopener\">https:\/\/www.thefeetingroom.com<\/a>[\/vc_column_text][vc_empty_space][vc_custom_heading text=&#8221;The Netherlands&#8221; font_container=&#8221;tag:h5|text_align:left&#8221; use_theme_fonts=&#8221;yes&#8221;][vc_column_text]<a href=\"https:\/\/www.little-chipmunks.nl\/\" target=\"_blank\" rel=\"noopener\">https:\/\/www.little-chipmunks.nl\/<\/a>[\/vc_column_text][\/vc_column][vc_column width=&#8221;1\/3&#8243;][vc_custom_heading text=&#8221;Tiendas en l\u00ednea&#8221; font_container=&#8221;tag:h5|text_align:left&#8221; use_theme_fonts=&#8221;yes&#8221;][vc_column_text]<a href=\"https:\/\/piugas.pt\/collections\/tip-toe\" target=\"_blank\" rel=\"noopener\">https:\/\/piugas.pt\/<\/a>[\/vc_column_text][vc_column_text]<a href=\"https:\/\/www.lilla-angel.com\/\" target=\"_blank\" rel=\"noopener\">https:\/\/www.lilla-angel.com\/<\/a>[\/vc_column_text][\/vc_column][vc_column width=&#8221;1\/3&#8243;][\/vc_column][\/vc_row]<\/p>\n<\/div>","protected":false},"excerpt":{"rendered":"<p>[vc_row row_content_width=&#8221;grid&#8221; css=&#8221;.vc_custom_1605582533620{padding-bottom: 100px !important;}&#8221;][vc_column width=&#8221;1\/2&#8243;][vc_column_text]Queremos viajar por el mundo as\u00ed que si est\u00e1s interesado en recibir Tip &amp; Toe en tu tienda, llena el formulario de contacto, o env\u00edanos un correo electr\u00f3nico a:retailer@tipandtoe.pt[\/vc_column_text][vc_empty_space height=&#8221;30px&#8221;][\/vc_column][vc_column width=&#8221;1\/2&#8243;][\/vc_column][\/vc_row][vc_row row_content_width=&#8221;grid&#8221; css=&#8221;.vc_custom_1605582731290{padding-bottom: 55px !important;}&#8221;][vc_column][\/vc_column][\/vc_row][vc_row [&hellip;]<\/p>\n","protected":false},"author":2,"featured_media":0,"parent":0,"menu_order":0,"comment_status":"closed","ping_status":"closed","template":"","meta":{"inline_featured_image":false,"_monsterinsights_skip_tracking":false,"_monsterinsights_sitenote_active":false,"_monsterinsights_sitenote_note":"","_monsterinsights_sitenote_category":0,"footnotes":""},"class_list":["post-5653","page","type-page","status-publish","hentry"],"yoast_head":"<!-- This site is optimized with the Yoast SEO plugin v27.2 - https:\/\/yoast.com\/product\/yoast-seo-wordpress\/ -->\n<title>Minoristas - Tip &amp; Toe<\/title>\n<meta name=\"description\" content=\"Vamos a caminar. Queremos viajar por el mundo, as\u00ed que si est\u00e1 interesado en recibir Tip &amp; Toe en su tienda, complete el formulario de contacto o env\u00edenos un correo electr\u00f3nico a: retailer@tipandtoe.pt\" \/>\n<meta name=\"robots\" content=\"index, follow, max-snippet:-1, max-image-preview:large, max-video-preview:-1\" \/>\n<link rel=\"canonical\" href=\"https:\/\/www.tipandtoe.pt\/es\/minoristas\/\" \/>\n<meta property=\"og:locale\" content=\"es_ES\" \/>\n<meta property=\"og:type\" content=\"article\" \/>\n<meta property=\"og:title\" content=\"Minoristas - Tip &amp; Toe\" \/>\n<meta property=\"og:description\" content=\"Vamos a caminar. Queremos viajar por el mundo, as\u00ed que si est\u00e1 interesado en recibir Tip &amp; Toe en su tienda, complete el formulario de contacto o env\u00edenos un correo electr\u00f3nico a: retailer@tipandtoe.pt\" \/>\n<meta property=\"og:url\" content=\"https:\/\/www.tipandtoe.pt\/es\/minoristas\/\" \/>\n<meta property=\"og:site_name\" content=\"Tip &amp; Toe\" \/>\n<meta property=\"article:publisher\" content=\"https:\/\/www.facebook.com\/tipandtoepair\" \/>\n<meta property=\"article:modified_time\" content=\"2022-01-21T15:48:03+00:00\" \/>\n<meta name=\"twitter:card\" content=\"summary_large_image\" \/>\n<meta name=\"twitter:label1\" content=\"Est. reading time\" \/>\n\t<meta name=\"twitter:data1\" content=\"1 minute\" \/>\n<script type=\"application\/ld+json\" class=\"yoast-schema-graph\">{\"@context\":\"https:\/\/schema.org\",\"@graph\":[{\"@type\":\"WebPage\",\"@id\":\"https:\/\/www.tipandtoe.pt\/es\/minoristas\/\",\"url\":\"https:\/\/www.tipandtoe.pt\/es\/minoristas\/\",\"name\":\"Minoristas - Tip &amp; Toe\",\"isPartOf\":{\"@id\":\"https:\/\/www.tipandtoe.pt\/es\/#website\"},\"datePublished\":\"2021-06-08T20:04:19+00:00\",\"dateModified\":\"2022-01-21T15:48:03+00:00\",\"description\":\"Vamos a caminar. Queremos viajar por el mundo, as\u00ed que si est\u00e1 interesado en recibir Tip & Toe en su tienda, complete el formulario de contacto o env\u00edenos un correo electr\u00f3nico a: retailer@tipandtoe.pt\",\"breadcrumb\":{\"@id\":\"https:\/\/www.tipandtoe.pt\/es\/minoristas\/#breadcrumb\"},\"inLanguage\":\"es-ES\",\"potentialAction\":[{\"@type\":\"ReadAction\",\"target\":[\"https:\/\/www.tipandtoe.pt\/es\/minoristas\/\"]}]},{\"@type\":\"BreadcrumbList\",\"@id\":\"https:\/\/www.tipandtoe.pt\/es\/minoristas\/#breadcrumb\",\"itemListElement\":[{\"@type\":\"ListItem\",\"position\":1,\"name\":\"Home\",\"item\":\"https:\/\/www.tipandtoe.pt\/es\/\"},{\"@type\":\"ListItem\",\"position\":2,\"name\":\"Minoristas\"}]},{\"@type\":\"WebSite\",\"@id\":\"https:\/\/www.tipandtoe.pt\/es\/#website\",\"url\":\"https:\/\/www.tipandtoe.pt\/es\/\",\"name\":\"Tip &amp; Toe\",\"description\":\"Pair and Wear\",\"publisher\":{\"@id\":\"https:\/\/www.tipandtoe.pt\/es\/#organization\"},\"potentialAction\":[{\"@type\":\"SearchAction\",\"target\":{\"@type\":\"EntryPoint\",\"urlTemplate\":\"https:\/\/www.tipandtoe.pt\/es\/?s={search_term_string}\"},\"query-input\":{\"@type\":\"PropertyValueSpecification\",\"valueRequired\":true,\"valueName\":\"search_term_string\"}}],\"inLanguage\":\"es-ES\"},{\"@type\":\"Organization\",\"@id\":\"https:\/\/www.tipandtoe.pt\/es\/#organization\",\"name\":\"Tip and Toe\",\"url\":\"https:\/\/www.tipandtoe.pt\/es\/\",\"logo\":{\"@type\":\"ImageObject\",\"inLanguage\":\"es-ES\",\"@id\":\"https:\/\/www.tipandtoe.pt\/es\/#\/schema\/logo\/image\/\",\"url\":\"https:\/\/www.tipandtoe.pt\/wp\/wp-content\/uploads\/2020\/11\/logo-tip-and-toe.png\",\"contentUrl\":\"https:\/\/www.tipandtoe.pt\/wp\/wp-content\/uploads\/2020\/11\/logo-tip-and-toe.png\",\"width\":250,\"height\":35,\"caption\":\"Tip and Toe\"},\"image\":{\"@id\":\"https:\/\/www.tipandtoe.pt\/es\/#\/schema\/logo\/image\/\"},\"sameAs\":[\"https:\/\/www.facebook.com\/tipandtoepair\",\"https:\/\/www.instagram.com\/tipandtoepair\/\",\"https:\/\/www.pinterest.pt\/tipandtoepairandwear\"]}]}<\/script>\n<!-- \/ Yoast SEO plugin. -->","yoast_head_json":{"title":"Minoristas - Tip &amp; Toe","description":"Vamos a caminar. Queremos viajar por el mundo, as\u00ed que si est\u00e1 interesado en recibir Tip & Toe en su tienda, complete el formulario de contacto o env\u00edenos un correo electr\u00f3nico a: retailer@tipandtoe.pt","robots":{"index":"index","follow":"follow","max-snippet":"max-snippet:-1","max-image-preview":"max-image-preview:large","max-video-preview":"max-video-preview:-1"},"canonical":"https:\/\/www.tipandtoe.pt\/es\/minoristas\/","og_locale":"es_ES","og_type":"article","og_title":"Minoristas - Tip &amp; Toe","og_description":"Vamos a caminar. Queremos viajar por el mundo, as\u00ed que si est\u00e1 interesado en recibir Tip & Toe en su tienda, complete el formulario de contacto o env\u00edenos un correo electr\u00f3nico a: retailer@tipandtoe.pt","og_url":"https:\/\/www.tipandtoe.pt\/es\/minoristas\/","og_site_name":"Tip &amp; Toe","article_publisher":"https:\/\/www.facebook.com\/tipandtoepair","article_modified_time":"2022-01-21T15:48:03+00:00","twitter_card":"summary_large_image","twitter_misc":{"Est. reading time":"1 minute"},"schema":{"@context":"https:\/\/schema.org","@graph":[{"@type":"WebPage","@id":"https:\/\/www.tipandtoe.pt\/es\/minoristas\/","url":"https:\/\/www.tipandtoe.pt\/es\/minoristas\/","name":"Minoristas - Tip &amp; Toe","isPartOf":{"@id":"https:\/\/www.tipandtoe.pt\/es\/#website"},"datePublished":"2021-06-08T20:04:19+00:00","dateModified":"2022-01-21T15:48:03+00:00","description":"Vamos a caminar. Queremos viajar por el mundo, as\u00ed que si est\u00e1 interesado en recibir Tip & Toe en su tienda, complete el formulario de contacto o env\u00edenos un correo electr\u00f3nico a: retailer@tipandtoe.pt","breadcrumb":{"@id":"https:\/\/www.tipandtoe.pt\/es\/minoristas\/#breadcrumb"},"inLanguage":"es-ES","potentialAction":[{"@type":"ReadAction","target":["https:\/\/www.tipandtoe.pt\/es\/minoristas\/"]}]},{"@type":"BreadcrumbList","@id":"https:\/\/www.tipandtoe.pt\/es\/minoristas\/#breadcrumb","itemListElement":[{"@type":"ListItem","position":1,"name":"Home","item":"https:\/\/www.tipandtoe.pt\/es\/"},{"@type":"ListItem","position":2,"name":"Minoristas"}]},{"@type":"WebSite","@id":"https:\/\/www.tipandtoe.pt\/es\/#website","url":"https:\/\/www.tipandtoe.pt\/es\/","name":"Tip &amp; Toe","description":"Pair and Wear","publisher":{"@id":"https:\/\/www.tipandtoe.pt\/es\/#organization"},"potentialAction":[{"@type":"SearchAction","target":{"@type":"EntryPoint","urlTemplate":"https:\/\/www.tipandtoe.pt\/es\/?s={search_term_string}"},"query-input":{"@type":"PropertyValueSpecification","valueRequired":true,"valueName":"search_term_string"}}],"inLanguage":"es-ES"},{"@type":"Organization","@id":"https:\/\/www.tipandtoe.pt\/es\/#organization","name":"Tip and Toe","url":"https:\/\/www.tipandtoe.pt\/es\/","logo":{"@type":"ImageObject","inLanguage":"es-ES","@id":"https:\/\/www.tipandtoe.pt\/es\/#\/schema\/logo\/image\/","url":"https:\/\/www.tipandtoe.pt\/wp\/wp-content\/uploads\/2020\/11\/logo-tip-and-toe.png","contentUrl":"https:\/\/www.tipandtoe.pt\/wp\/wp-content\/uploads\/2020\/11\/logo-tip-and-toe.png","width":250,"height":35,"caption":"Tip and Toe"},"image":{"@id":"https:\/\/www.tipandtoe.pt\/es\/#\/schema\/logo\/image\/"},"sameAs":["https:\/\/www.facebook.com\/tipandtoepair","https:\/\/www.instagram.com\/tipandtoepair\/","https:\/\/www.pinterest.pt\/tipandtoepairandwear"]}]}},"_links":{"self":[{"href":"https:\/\/www.tipandtoe.pt\/es\/wp-json\/wp\/v2\/pages\/5653","targetHints":{"allow":["GET"]}}],"collection":[{"href":"https:\/\/www.tipandtoe.pt\/es\/wp-json\/wp\/v2\/pages"}],"about":[{"href":"https:\/\/www.tipandtoe.pt\/es\/wp-json\/wp\/v2\/types\/page"}],"author":[{"embeddable":true,"href":"https:\/\/www.tipandtoe.pt\/es\/wp-json\/wp\/v2\/users\/2"}],"replies":[{"embeddable":true,"href":"https:\/\/www.tipandtoe.pt\/es\/wp-json\/wp\/v2\/comments?post=5653"}],"version-history":[{"count":4,"href":"https:\/\/www.tipandtoe.pt\/es\/wp-json\/wp\/v2\/pages\/5653\/revisions"}],"predecessor-version":[{"id":6317,"href":"https:\/\/www.tipandtoe.pt\/es\/wp-json\/wp\/v2\/pages\/5653\/revisions\/6317"}],"wp:attachment":[{"href":"https:\/\/www.tipandtoe.pt\/es\/wp-json\/wp\/v2\/media?parent=5653"}],"curies":[{"name":"wp","href":"https:\/\/api.w.org\/{rel}","templated":true}]}}