{"id":5627,"date":"2021-05-05T19:52:13","date_gmt":"2020-10-25T19:52:13","guid":{"rendered":"https:\/\/www.tipandtoe.pt\/product\/duo-dinamico-azul\/"},"modified":"2023-11-22T22:02:22","modified_gmt":"2023-11-22T22:02:22","slug":"duo-dinamico-azul","status":"publish","type":"product","link":"https:\/\/www.tipandtoe.pt\/es\/producto\/duo-dinamico-azul\/","title":{"rendered":"D\u00fao Din\u00e1mico Azul"},"content":{"rendered":"<p>Tejido a mano en Portugal, con tradici\u00f3n y estilo. El Tip &amp; Toe Beanie est\u00e1 creado con 100% lana Merino, de fibras suaves y org\u00e1nicas de primera calidad, lo que significa que no hay picores ni comez\u00f3n. Es s\u00faper f\u00e1cil de lavar y cuidar, c\u00f3modo y pr\u00e1ctico para todos.<\/p>\n<p>Un gorro que los ni\u00f1os no se querr\u00e1n quitar al momento y con que no podr\u00edamos estar m\u00e1s contentos, \u00a1porque est\u00e1n tan monos con \u00e9l!<\/p>\n<p>Unisex y con una talla \u00fanica perfecta para todos, el Tip &amp; Toe Beanie viene con un compa\u00f1ero especial: un par de calcetines <a href=\"https:\/\/www.tipandtoe.pt\/es\/producto\/and-play\/\">\u2026and Play<\/a>, en un color a juego.<\/p>\n","protected":false},"excerpt":{"rendered":"<h5><strong>1 gorro + 1 par de calcetines<\/strong><\/h5>\n","protected":false},"featured_media":5632,"template":"","meta":{"inline_featured_image":false,"_monsterinsights_skip_tracking":false,"_monsterinsights_sitenote_active":false,"_monsterinsights_sitenote_note":"","_monsterinsights_sitenote_category":0},"product_brand":[],"product_cat":[150,135,183],"product_tag":[],"class_list":{"0":"post-5627","1":"product","2":"type-product","3":"status-publish","4":"has-post-thumbnail","6":"product_cat-de-la-punta-a-los-pies","7":"product_cat-gorros","8":"product_cat-tudo","10":"first","11":"instock","12":"taxable","13":"shipping-taxable","14":"purchasable","15":"product-type-variable"},"yoast_head":"<!-- This site is optimized with the Yoast SEO plugin v27.2 - https:\/\/yoast.com\/product\/yoast-seo-wordpress\/ -->\n<title>D\u00fao Din\u00e1mico Azul - Tip &amp; Toe Hand-knitted Beanie<\/title>\n<meta name=\"description\" content=\"Tejido a mano en Portugal, con tradici\u00f3n y estilo. El Tip &amp; Toe Beanie est\u00e1 creado con 100% lana Merino\" \/>\n<meta name=\"robots\" content=\"index, follow, max-snippet:-1, max-image-preview:large, max-video-preview:-1\" \/>\n<link rel=\"canonical\" href=\"https:\/\/www.tipandtoe.pt\/es\/producto\/duo-dinamico-azul\/\" \/>\n<meta property=\"og:locale\" content=\"es_ES\" \/>\n<meta property=\"og:type\" content=\"article\" \/>\n<meta property=\"og:title\" content=\"D\u00fao Din\u00e1mico Azul - Tip &amp; Toe Hand-knitted Beanie\" \/>\n<meta property=\"og:description\" content=\"Tejido a mano en Portugal, con tradici\u00f3n y estilo. El Tip &amp; Toe Beanie est\u00e1 creado con 100% lana Merino\" \/>\n<meta property=\"og:url\" content=\"https:\/\/www.tipandtoe.pt\/es\/producto\/duo-dinamico-azul\/\" \/>\n<meta property=\"og:site_name\" content=\"Tip &amp; Toe\" \/>\n<meta property=\"article:publisher\" content=\"https:\/\/www.facebook.com\/tipandtoepair\" \/>\n<meta property=\"article:modified_time\" content=\"2023-11-22T22:02:22+00:00\" \/>\n<meta property=\"og:image\" content=\"https:\/\/www.tipandtoe.pt\/wp\/wp-content\/uploads\/2021\/03\/dynamic-duo-beanie-sock.jpg\" \/>\n\t<meta property=\"og:image:width\" content=\"800\" \/>\n\t<meta property=\"og:image:height\" content=\"900\" \/>\n\t<meta property=\"og:image:type\" content=\"image\/jpeg\" \/>\n<meta name=\"twitter:card\" content=\"summary_large_image\" \/>\n<meta name=\"twitter:label1\" content=\"Est. reading time\" \/>\n\t<meta name=\"twitter:data1\" content=\"1 minute\" \/>\n<script type=\"application\/ld+json\" class=\"yoast-schema-graph\">{\"@context\":\"https:\/\/schema.org\",\"@graph\":[{\"@type\":\"WebPage\",\"@id\":\"https:\/\/www.tipandtoe.pt\/es\/producto\/duo-dinamico-azul\/\",\"url\":\"https:\/\/www.tipandtoe.pt\/es\/producto\/duo-dinamico-azul\/\",\"name\":\"D\u00fao Din\u00e1mico Azul - Tip &amp; Toe Hand-knitted Beanie\",\"isPartOf\":{\"@id\":\"https:\/\/www.tipandtoe.pt\/es\/#website\"},\"primaryImageOfPage\":{\"@id\":\"https:\/\/www.tipandtoe.pt\/es\/producto\/duo-dinamico-azul\/#primaryimage\"},\"image\":{\"@id\":\"https:\/\/www.tipandtoe.pt\/es\/producto\/duo-dinamico-azul\/#primaryimage\"},\"thumbnailUrl\":\"https:\/\/www.tipandtoe.pt\/wp\/wp-content\/uploads\/2021\/03\/dynamic-duo-beanie-sock.jpg\",\"datePublished\":\"2020-10-25T19:52:13+00:00\",\"dateModified\":\"2023-11-22T22:02:22+00:00\",\"description\":\"Tejido a mano en Portugal, con tradici\u00f3n y estilo. El Tip & Toe Beanie est\u00e1 creado con 100% lana Merino\",\"breadcrumb\":{\"@id\":\"https:\/\/www.tipandtoe.pt\/es\/producto\/duo-dinamico-azul\/#breadcrumb\"},\"inLanguage\":\"es-ES\",\"potentialAction\":[{\"@type\":\"ReadAction\",\"target\":[\"https:\/\/www.tipandtoe.pt\/es\/producto\/duo-dinamico-azul\/\"]}]},{\"@type\":\"ImageObject\",\"inLanguage\":\"es-ES\",\"@id\":\"https:\/\/www.tipandtoe.pt\/es\/producto\/duo-dinamico-azul\/#primaryimage\",\"url\":\"https:\/\/www.tipandtoe.pt\/wp\/wp-content\/uploads\/2021\/03\/dynamic-duo-beanie-sock.jpg\",\"contentUrl\":\"https:\/\/www.tipandtoe.pt\/wp\/wp-content\/uploads\/2021\/03\/dynamic-duo-beanie-sock.jpg\",\"width\":800,\"height\":900,\"caption\":\"Beanies & Socks \u2013 a match made in coolness.\"},{\"@type\":\"BreadcrumbList\",\"@id\":\"https:\/\/www.tipandtoe.pt\/es\/producto\/duo-dinamico-azul\/#breadcrumb\",\"itemListElement\":[{\"@type\":\"ListItem\",\"position\":1,\"name\":\"Home\",\"item\":\"https:\/\/www.tipandtoe.pt\/es\/\"},{\"@type\":\"ListItem\",\"position\":2,\"name\":\"Tienda\",\"item\":\"https:\/\/www.tipandtoe.pt\/es\/tienda\/\"},{\"@type\":\"ListItem\",\"position\":3,\"name\":\"D\u00fao Din\u00e1mico Azul\"}]},{\"@type\":\"WebSite\",\"@id\":\"https:\/\/www.tipandtoe.pt\/es\/#website\",\"url\":\"https:\/\/www.tipandtoe.pt\/es\/\",\"name\":\"Tip &amp; Toe\",\"description\":\"Pair and Wear\",\"publisher\":{\"@id\":\"https:\/\/www.tipandtoe.pt\/es\/#organization\"},\"potentialAction\":[{\"@type\":\"SearchAction\",\"target\":{\"@type\":\"EntryPoint\",\"urlTemplate\":\"https:\/\/www.tipandtoe.pt\/es\/?s={search_term_string}\"},\"query-input\":{\"@type\":\"PropertyValueSpecification\",\"valueRequired\":true,\"valueName\":\"search_term_string\"}}],\"inLanguage\":\"es-ES\"},{\"@type\":\"Organization\",\"@id\":\"https:\/\/www.tipandtoe.pt\/es\/#organization\",\"name\":\"Tip and Toe\",\"url\":\"https:\/\/www.tipandtoe.pt\/es\/\",\"logo\":{\"@type\":\"ImageObject\",\"inLanguage\":\"es-ES\",\"@id\":\"https:\/\/www.tipandtoe.pt\/es\/#\/schema\/logo\/image\/\",\"url\":\"https:\/\/www.tipandtoe.pt\/wp\/wp-content\/uploads\/2020\/11\/logo-tip-and-toe.png\",\"contentUrl\":\"https:\/\/www.tipandtoe.pt\/wp\/wp-content\/uploads\/2020\/11\/logo-tip-and-toe.png\",\"width\":250,\"height\":35,\"caption\":\"Tip and Toe\"},\"image\":{\"@id\":\"https:\/\/www.tipandtoe.pt\/es\/#\/schema\/logo\/image\/\"},\"sameAs\":[\"https:\/\/www.facebook.com\/tipandtoepair\",\"https:\/\/www.instagram.com\/tipandtoepair\/\",\"https:\/\/www.pinterest.pt\/tipandtoepairandwear\"]}]}<\/script>\n<!-- \/ Yoast SEO plugin. -->","yoast_head_json":{"title":"D\u00fao Din\u00e1mico Azul - Tip &amp; Toe Hand-knitted Beanie","description":"Tejido a mano en Portugal, con tradici\u00f3n y estilo. El Tip & Toe Beanie est\u00e1 creado con 100% lana Merino","robots":{"index":"index","follow":"follow","max-snippet":"max-snippet:-1","max-image-preview":"max-image-preview:large","max-video-preview":"max-video-preview:-1"},"canonical":"https:\/\/www.tipandtoe.pt\/es\/producto\/duo-dinamico-azul\/","og_locale":"es_ES","og_type":"article","og_title":"D\u00fao Din\u00e1mico Azul - Tip &amp; Toe Hand-knitted Beanie","og_description":"Tejido a mano en Portugal, con tradici\u00f3n y estilo. El Tip & Toe Beanie est\u00e1 creado con 100% lana Merino","og_url":"https:\/\/www.tipandtoe.pt\/es\/producto\/duo-dinamico-azul\/","og_site_name":"Tip &amp; Toe","article_publisher":"https:\/\/www.facebook.com\/tipandtoepair","article_modified_time":"2023-11-22T22:02:22+00:00","og_image":[{"width":800,"height":900,"url":"https:\/\/www.tipandtoe.pt\/wp\/wp-content\/uploads\/2021\/03\/dynamic-duo-beanie-sock.jpg","type":"image\/jpeg"}],"twitter_card":"summary_large_image","twitter_misc":{"Est. reading time":"1 minute"},"schema":{"@context":"https:\/\/schema.org","@graph":[{"@type":"WebPage","@id":"https:\/\/www.tipandtoe.pt\/es\/producto\/duo-dinamico-azul\/","url":"https:\/\/www.tipandtoe.pt\/es\/producto\/duo-dinamico-azul\/","name":"D\u00fao Din\u00e1mico Azul - Tip &amp; Toe Hand-knitted Beanie","isPartOf":{"@id":"https:\/\/www.tipandtoe.pt\/es\/#website"},"primaryImageOfPage":{"@id":"https:\/\/www.tipandtoe.pt\/es\/producto\/duo-dinamico-azul\/#primaryimage"},"image":{"@id":"https:\/\/www.tipandtoe.pt\/es\/producto\/duo-dinamico-azul\/#primaryimage"},"thumbnailUrl":"https:\/\/www.tipandtoe.pt\/wp\/wp-content\/uploads\/2021\/03\/dynamic-duo-beanie-sock.jpg","datePublished":"2020-10-25T19:52:13+00:00","dateModified":"2023-11-22T22:02:22+00:00","description":"Tejido a mano en Portugal, con tradici\u00f3n y estilo. El Tip & Toe Beanie est\u00e1 creado con 100% lana Merino","breadcrumb":{"@id":"https:\/\/www.tipandtoe.pt\/es\/producto\/duo-dinamico-azul\/#breadcrumb"},"inLanguage":"es-ES","potentialAction":[{"@type":"ReadAction","target":["https:\/\/www.tipandtoe.pt\/es\/producto\/duo-dinamico-azul\/"]}]},{"@type":"ImageObject","inLanguage":"es-ES","@id":"https:\/\/www.tipandtoe.pt\/es\/producto\/duo-dinamico-azul\/#primaryimage","url":"https:\/\/www.tipandtoe.pt\/wp\/wp-content\/uploads\/2021\/03\/dynamic-duo-beanie-sock.jpg","contentUrl":"https:\/\/www.tipandtoe.pt\/wp\/wp-content\/uploads\/2021\/03\/dynamic-duo-beanie-sock.jpg","width":800,"height":900,"caption":"Beanies & Socks \u2013 a match made in coolness."},{"@type":"BreadcrumbList","@id":"https:\/\/www.tipandtoe.pt\/es\/producto\/duo-dinamico-azul\/#breadcrumb","itemListElement":[{"@type":"ListItem","position":1,"name":"Home","item":"https:\/\/www.tipandtoe.pt\/es\/"},{"@type":"ListItem","position":2,"name":"Tienda","item":"https:\/\/www.tipandtoe.pt\/es\/tienda\/"},{"@type":"ListItem","position":3,"name":"D\u00fao Din\u00e1mico Azul"}]},{"@type":"WebSite","@id":"https:\/\/www.tipandtoe.pt\/es\/#website","url":"https:\/\/www.tipandtoe.pt\/es\/","name":"Tip &amp; Toe","description":"Pair and Wear","publisher":{"@id":"https:\/\/www.tipandtoe.pt\/es\/#organization"},"potentialAction":[{"@type":"SearchAction","target":{"@type":"EntryPoint","urlTemplate":"https:\/\/www.tipandtoe.pt\/es\/?s={search_term_string}"},"query-input":{"@type":"PropertyValueSpecification","valueRequired":true,"valueName":"search_term_string"}}],"inLanguage":"es-ES"},{"@type":"Organization","@id":"https:\/\/www.tipandtoe.pt\/es\/#organization","name":"Tip and Toe","url":"https:\/\/www.tipandtoe.pt\/es\/","logo":{"@type":"ImageObject","inLanguage":"es-ES","@id":"https:\/\/www.tipandtoe.pt\/es\/#\/schema\/logo\/image\/","url":"https:\/\/www.tipandtoe.pt\/wp\/wp-content\/uploads\/2020\/11\/logo-tip-and-toe.png","contentUrl":"https:\/\/www.tipandtoe.pt\/wp\/wp-content\/uploads\/2020\/11\/logo-tip-and-toe.png","width":250,"height":35,"caption":"Tip and Toe"},"image":{"@id":"https:\/\/www.tipandtoe.pt\/es\/#\/schema\/logo\/image\/"},"sameAs":["https:\/\/www.facebook.com\/tipandtoepair","https:\/\/www.instagram.com\/tipandtoepair\/","https:\/\/www.pinterest.pt\/tipandtoepairandwear"]}]}},"_links":{"self":[{"href":"https:\/\/www.tipandtoe.pt\/es\/wp-json\/wp\/v2\/product\/5627","targetHints":{"allow":["GET"]}}],"collection":[{"href":"https:\/\/www.tipandtoe.pt\/es\/wp-json\/wp\/v2\/product"}],"about":[{"href":"https:\/\/www.tipandtoe.pt\/es\/wp-json\/wp\/v2\/types\/product"}],"wp:featuredmedia":[{"embeddable":true,"href":"https:\/\/www.tipandtoe.pt\/es\/wp-json\/wp\/v2\/media\/5632"}],"wp:attachment":[{"href":"https:\/\/www.tipandtoe.pt\/es\/wp-json\/wp\/v2\/media?parent=5627"}],"wp:term":[{"taxonomy":"product_brand","embeddable":true,"href":"https:\/\/www.tipandtoe.pt\/es\/wp-json\/wp\/v2\/product_brand?post=5627"},{"taxonomy":"product_cat","embeddable":true,"href":"https:\/\/www.tipandtoe.pt\/es\/wp-json\/wp\/v2\/product_cat?post=5627"},{"taxonomy":"product_tag","embeddable":true,"href":"https:\/\/www.tipandtoe.pt\/es\/wp-json\/wp\/v2\/product_tag?post=5627"}],"curies":[{"name":"wp","href":"https:\/\/api.w.org\/{rel}","templated":true}]}}