{"id":5877,"date":"2021-09-08T12:58:41","date_gmt":"2021-09-08T11:58:41","guid":{"rendered":"https:\/\/www.tipandtoe.pt\/?post_type=product&#038;p=5877"},"modified":"2021-09-09T12:37:32","modified_gmt":"2021-09-09T11:37:32","slug":"de-vuelta-a-la-escuela","status":"publish","type":"product","link":"https:\/\/www.tipandtoe.pt\/es\/producto\/de-vuelta-a-la-escuela\/","title":{"rendered":"De vuelta a la escuela 2+1"},"content":{"rendered":"<p>Promoci\u00f3n v\u00e1lida del 9 al 26 de septiembre. No acumulable a otras promociones o descuentos.<\/p>\n","protected":false},"excerpt":{"rendered":"<h5>Compra 2 lleva 1 Gratis<\/h5>\n<p>1 par de calcetines verdes con rayas beige<\/p>\n<p>1 par de calcetines marrones con rayas beige<\/p>\n<h5>Elija su oferta:<\/h5>\n<ul>\n<li><strong>un par &#8220;Sal &#8230; con rayas verdes&#8221; O;<\/strong><\/li>\n<li><strong>un par &#8220;Y juega &#8230; con rayas azules&#8221;<\/strong><\/li>\n<\/ul>\n<p>&nbsp;<\/p>\n<ul>\n<li>Calcetines con una mezcla de algod\u00f3n acanalado, largo medio alto<\/li>\n<li>70% algod\u00f3n, 27% poliamida y 3% elastano<\/li>\n<li>Dise\u00f1ado y fabricado en Portugal<\/li>\n<li>Tejido de felpa bajo el pie que aporta una gran comodidad y amortigua el impacto de la pisada.<\/li>\n<li>Banda el\u00e1stica en la pierna para minimizar la fricci\u00f3n y mantener el calcet\u00edn en su lugar.<\/li>\n<li>Reforzado de felpa en algunas \u00e1reas para proteger el tal\u00f3n y los dedos de los pies.<\/li>\n<\/ul>\n<p><a href=\"https:\/\/www.tipandtoe.pt\/wp\/wp-content\/uploads\/2020\/11\/size-guide-pop-up.jpg\" rel=\"noopener noreferrer\">Guia de tallas<\/a><\/p>\n","protected":false},"featured_media":5893,"template":"","meta":{"inline_featured_image":false,"_monsterinsights_skip_tracking":false,"_monsterinsights_sitenote_active":false,"_monsterinsights_sitenote_note":"","_monsterinsights_sitenote_category":0},"product_brand":[],"product_cat":[148],"product_tag":[],"class_list":{"0":"post-5877","1":"product","2":"type-product","3":"status-publish","4":"has-post-thumbnail","6":"product_cat-uncategorized-es","8":"first","9":"instock","10":"taxable","11":"shipping-taxable","12":"purchasable","13":"product-type-variable","14":"has-default-attributes"},"yoast_head":"<!-- This site is optimized with the Yoast SEO plugin v27.2 - https:\/\/yoast.com\/product\/yoast-seo-wordpress\/ -->\n<title>De vuelta a la escuela 2+1 - Tip &amp; Toe<\/title>\n<meta name=\"description\" content=\"Calcetines en mezcla de algod\u00f3n de canal\u00e9, largo medio-alto. Tienda en linea.\" \/>\n<meta name=\"robots\" content=\"index, follow, max-snippet:-1, max-image-preview:large, max-video-preview:-1\" \/>\n<link rel=\"canonical\" href=\"https:\/\/www.tipandtoe.pt\/es\/producto\/de-vuelta-a-la-escuela\/\" \/>\n<meta property=\"og:locale\" content=\"es_ES\" \/>\n<meta property=\"og:type\" content=\"article\" \/>\n<meta property=\"og:title\" content=\"De vuelta a la escuela 2+1 - Tip &amp; Toe\" \/>\n<meta property=\"og:description\" content=\"Calcetines en mezcla de algod\u00f3n de canal\u00e9, largo medio-alto. Tienda en linea.\" \/>\n<meta property=\"og:url\" content=\"https:\/\/www.tipandtoe.pt\/es\/producto\/de-vuelta-a-la-escuela\/\" \/>\n<meta property=\"og:site_name\" content=\"Tip &amp; Toe\" \/>\n<meta property=\"article:publisher\" content=\"https:\/\/www.facebook.com\/tipandtoepair\" \/>\n<meta property=\"article:modified_time\" content=\"2021-09-09T11:37:32+00:00\" \/>\n<meta property=\"og:image\" content=\"https:\/\/www.tipandtoe.pt\/wp\/wp-content\/uploads\/2021\/09\/back-to-school-blue-1.jpg\" \/>\n\t<meta property=\"og:image:width\" content=\"800\" \/>\n\t<meta property=\"og:image:height\" content=\"900\" \/>\n\t<meta property=\"og:image:type\" content=\"image\/jpeg\" \/>\n<meta name=\"twitter:card\" content=\"summary_large_image\" \/>\n<script type=\"application\/ld+json\" class=\"yoast-schema-graph\">{\"@context\":\"https:\/\/schema.org\",\"@graph\":[{\"@type\":\"WebPage\",\"@id\":\"https:\/\/www.tipandtoe.pt\/es\/producto\/de-vuelta-a-la-escuela\/\",\"url\":\"https:\/\/www.tipandtoe.pt\/es\/producto\/de-vuelta-a-la-escuela\/\",\"name\":\"De vuelta a la escuela 2+1 - Tip &amp; Toe\",\"isPartOf\":{\"@id\":\"https:\/\/www.tipandtoe.pt\/es\/#website\"},\"primaryImageOfPage\":{\"@id\":\"https:\/\/www.tipandtoe.pt\/es\/producto\/de-vuelta-a-la-escuela\/#primaryimage\"},\"image\":{\"@id\":\"https:\/\/www.tipandtoe.pt\/es\/producto\/de-vuelta-a-la-escuela\/#primaryimage\"},\"thumbnailUrl\":\"https:\/\/www.tipandtoe.pt\/wp\/wp-content\/uploads\/2021\/09\/back-to-school-blue-1.jpg\",\"datePublished\":\"2021-09-08T11:58:41+00:00\",\"dateModified\":\"2021-09-09T11:37:32+00:00\",\"description\":\"Calcetines en mezcla de algod\u00f3n de canal\u00e9, largo medio-alto. Tienda en linea.\",\"breadcrumb\":{\"@id\":\"https:\/\/www.tipandtoe.pt\/es\/producto\/de-vuelta-a-la-escuela\/#breadcrumb\"},\"inLanguage\":\"es-ES\",\"potentialAction\":[{\"@type\":\"ReadAction\",\"target\":[\"https:\/\/www.tipandtoe.pt\/es\/producto\/de-vuelta-a-la-escuela\/\"]}]},{\"@type\":\"ImageObject\",\"inLanguage\":\"es-ES\",\"@id\":\"https:\/\/www.tipandtoe.pt\/es\/producto\/de-vuelta-a-la-escuela\/#primaryimage\",\"url\":\"https:\/\/www.tipandtoe.pt\/wp\/wp-content\/uploads\/2021\/09\/back-to-school-blue-1.jpg\",\"contentUrl\":\"https:\/\/www.tipandtoe.pt\/wp\/wp-content\/uploads\/2021\/09\/back-to-school-blue-1.jpg\",\"width\":800,\"height\":900,\"caption\":\"De vuelta a la escuela 2+1\"},{\"@type\":\"BreadcrumbList\",\"@id\":\"https:\/\/www.tipandtoe.pt\/es\/producto\/de-vuelta-a-la-escuela\/#breadcrumb\",\"itemListElement\":[{\"@type\":\"ListItem\",\"position\":1,\"name\":\"Home\",\"item\":\"https:\/\/www.tipandtoe.pt\/es\/\"},{\"@type\":\"ListItem\",\"position\":2,\"name\":\"Tienda\",\"item\":\"https:\/\/www.tipandtoe.pt\/es\/tienda\/\"},{\"@type\":\"ListItem\",\"position\":3,\"name\":\"De vuelta a la escuela 2+1\"}]},{\"@type\":\"WebSite\",\"@id\":\"https:\/\/www.tipandtoe.pt\/es\/#website\",\"url\":\"https:\/\/www.tipandtoe.pt\/es\/\",\"name\":\"Tip &amp; Toe\",\"description\":\"Pair and Wear\",\"publisher\":{\"@id\":\"https:\/\/www.tipandtoe.pt\/es\/#organization\"},\"potentialAction\":[{\"@type\":\"SearchAction\",\"target\":{\"@type\":\"EntryPoint\",\"urlTemplate\":\"https:\/\/www.tipandtoe.pt\/es\/?s={search_term_string}\"},\"query-input\":{\"@type\":\"PropertyValueSpecification\",\"valueRequired\":true,\"valueName\":\"search_term_string\"}}],\"inLanguage\":\"es-ES\"},{\"@type\":\"Organization\",\"@id\":\"https:\/\/www.tipandtoe.pt\/es\/#organization\",\"name\":\"Tip and Toe\",\"url\":\"https:\/\/www.tipandtoe.pt\/es\/\",\"logo\":{\"@type\":\"ImageObject\",\"inLanguage\":\"es-ES\",\"@id\":\"https:\/\/www.tipandtoe.pt\/es\/#\/schema\/logo\/image\/\",\"url\":\"https:\/\/www.tipandtoe.pt\/wp\/wp-content\/uploads\/2020\/11\/logo-tip-and-toe.png\",\"contentUrl\":\"https:\/\/www.tipandtoe.pt\/wp\/wp-content\/uploads\/2020\/11\/logo-tip-and-toe.png\",\"width\":250,\"height\":35,\"caption\":\"Tip and Toe\"},\"image\":{\"@id\":\"https:\/\/www.tipandtoe.pt\/es\/#\/schema\/logo\/image\/\"},\"sameAs\":[\"https:\/\/www.facebook.com\/tipandtoepair\",\"https:\/\/www.instagram.com\/tipandtoepair\/\",\"https:\/\/www.pinterest.pt\/tipandtoepairandwear\"]}]}<\/script>\n<!-- \/ Yoast SEO plugin. -->","yoast_head_json":{"title":"De vuelta a la escuela 2+1 - Tip &amp; Toe","description":"Calcetines en mezcla de algod\u00f3n de canal\u00e9, largo medio-alto. Tienda en linea.","robots":{"index":"index","follow":"follow","max-snippet":"max-snippet:-1","max-image-preview":"max-image-preview:large","max-video-preview":"max-video-preview:-1"},"canonical":"https:\/\/www.tipandtoe.pt\/es\/producto\/de-vuelta-a-la-escuela\/","og_locale":"es_ES","og_type":"article","og_title":"De vuelta a la escuela 2+1 - Tip &amp; Toe","og_description":"Calcetines en mezcla de algod\u00f3n de canal\u00e9, largo medio-alto. Tienda en linea.","og_url":"https:\/\/www.tipandtoe.pt\/es\/producto\/de-vuelta-a-la-escuela\/","og_site_name":"Tip &amp; Toe","article_publisher":"https:\/\/www.facebook.com\/tipandtoepair","article_modified_time":"2021-09-09T11:37:32+00:00","og_image":[{"width":800,"height":900,"url":"https:\/\/www.tipandtoe.pt\/wp\/wp-content\/uploads\/2021\/09\/back-to-school-blue-1.jpg","type":"image\/jpeg"}],"twitter_card":"summary_large_image","schema":{"@context":"https:\/\/schema.org","@graph":[{"@type":"WebPage","@id":"https:\/\/www.tipandtoe.pt\/es\/producto\/de-vuelta-a-la-escuela\/","url":"https:\/\/www.tipandtoe.pt\/es\/producto\/de-vuelta-a-la-escuela\/","name":"De vuelta a la escuela 2+1 - Tip &amp; Toe","isPartOf":{"@id":"https:\/\/www.tipandtoe.pt\/es\/#website"},"primaryImageOfPage":{"@id":"https:\/\/www.tipandtoe.pt\/es\/producto\/de-vuelta-a-la-escuela\/#primaryimage"},"image":{"@id":"https:\/\/www.tipandtoe.pt\/es\/producto\/de-vuelta-a-la-escuela\/#primaryimage"},"thumbnailUrl":"https:\/\/www.tipandtoe.pt\/wp\/wp-content\/uploads\/2021\/09\/back-to-school-blue-1.jpg","datePublished":"2021-09-08T11:58:41+00:00","dateModified":"2021-09-09T11:37:32+00:00","description":"Calcetines en mezcla de algod\u00f3n de canal\u00e9, largo medio-alto. Tienda en linea.","breadcrumb":{"@id":"https:\/\/www.tipandtoe.pt\/es\/producto\/de-vuelta-a-la-escuela\/#breadcrumb"},"inLanguage":"es-ES","potentialAction":[{"@type":"ReadAction","target":["https:\/\/www.tipandtoe.pt\/es\/producto\/de-vuelta-a-la-escuela\/"]}]},{"@type":"ImageObject","inLanguage":"es-ES","@id":"https:\/\/www.tipandtoe.pt\/es\/producto\/de-vuelta-a-la-escuela\/#primaryimage","url":"https:\/\/www.tipandtoe.pt\/wp\/wp-content\/uploads\/2021\/09\/back-to-school-blue-1.jpg","contentUrl":"https:\/\/www.tipandtoe.pt\/wp\/wp-content\/uploads\/2021\/09\/back-to-school-blue-1.jpg","width":800,"height":900,"caption":"De vuelta a la escuela 2+1"},{"@type":"BreadcrumbList","@id":"https:\/\/www.tipandtoe.pt\/es\/producto\/de-vuelta-a-la-escuela\/#breadcrumb","itemListElement":[{"@type":"ListItem","position":1,"name":"Home","item":"https:\/\/www.tipandtoe.pt\/es\/"},{"@type":"ListItem","position":2,"name":"Tienda","item":"https:\/\/www.tipandtoe.pt\/es\/tienda\/"},{"@type":"ListItem","position":3,"name":"De vuelta a la escuela 2+1"}]},{"@type":"WebSite","@id":"https:\/\/www.tipandtoe.pt\/es\/#website","url":"https:\/\/www.tipandtoe.pt\/es\/","name":"Tip &amp; Toe","description":"Pair and Wear","publisher":{"@id":"https:\/\/www.tipandtoe.pt\/es\/#organization"},"potentialAction":[{"@type":"SearchAction","target":{"@type":"EntryPoint","urlTemplate":"https:\/\/www.tipandtoe.pt\/es\/?s={search_term_string}"},"query-input":{"@type":"PropertyValueSpecification","valueRequired":true,"valueName":"search_term_string"}}],"inLanguage":"es-ES"},{"@type":"Organization","@id":"https:\/\/www.tipandtoe.pt\/es\/#organization","name":"Tip and Toe","url":"https:\/\/www.tipandtoe.pt\/es\/","logo":{"@type":"ImageObject","inLanguage":"es-ES","@id":"https:\/\/www.tipandtoe.pt\/es\/#\/schema\/logo\/image\/","url":"https:\/\/www.tipandtoe.pt\/wp\/wp-content\/uploads\/2020\/11\/logo-tip-and-toe.png","contentUrl":"https:\/\/www.tipandtoe.pt\/wp\/wp-content\/uploads\/2020\/11\/logo-tip-and-toe.png","width":250,"height":35,"caption":"Tip and Toe"},"image":{"@id":"https:\/\/www.tipandtoe.pt\/es\/#\/schema\/logo\/image\/"},"sameAs":["https:\/\/www.facebook.com\/tipandtoepair","https:\/\/www.instagram.com\/tipandtoepair\/","https:\/\/www.pinterest.pt\/tipandtoepairandwear"]}]}},"_links":{"self":[{"href":"https:\/\/www.tipandtoe.pt\/es\/wp-json\/wp\/v2\/product\/5877","targetHints":{"allow":["GET"]}}],"collection":[{"href":"https:\/\/www.tipandtoe.pt\/es\/wp-json\/wp\/v2\/product"}],"about":[{"href":"https:\/\/www.tipandtoe.pt\/es\/wp-json\/wp\/v2\/types\/product"}],"wp:featuredmedia":[{"embeddable":true,"href":"https:\/\/www.tipandtoe.pt\/es\/wp-json\/wp\/v2\/media\/5893"}],"wp:attachment":[{"href":"https:\/\/www.tipandtoe.pt\/es\/wp-json\/wp\/v2\/media?parent=5877"}],"wp:term":[{"taxonomy":"product_brand","embeddable":true,"href":"https:\/\/www.tipandtoe.pt\/es\/wp-json\/wp\/v2\/product_brand?post=5877"},{"taxonomy":"product_cat","embeddable":true,"href":"https:\/\/www.tipandtoe.pt\/es\/wp-json\/wp\/v2\/product_cat?post=5877"},{"taxonomy":"product_tag","embeddable":true,"href":"https:\/\/www.tipandtoe.pt\/es\/wp-json\/wp\/v2\/product_tag?post=5877"}],"curies":[{"name":"wp","href":"https:\/\/api.w.org\/{rel}","templated":true}]}}